{"id":11126,"date":"2024-02-01T16:44:49","date_gmt":"2024-02-01T16:44:49","guid":{"rendered":"https:\/\/yeguadaportillagarcia.com\/?page_id=11126"},"modified":"2024-04-22T18:23:57","modified_gmt":"2024-04-22T18:23:57","slug":"pupilaje-duplicate","status":"publish","type":"page","link":"https:\/\/yeguadaportillagarcia.com\/index.php\/pupilaje-duplicate\/","title":{"rendered":"Metodologia"},"content":{"rendered":"\t\t<div data-elementor-type=\"wp-page\" data-elementor-id=\"11126\" class=\"elementor elementor-11126\">\n\t\t\t\t\t\t\t<div class=\"elementor-element elementor-element-37bc5ed e-con-full e-flex e-con e-parent\" data-id=\"37bc5ed\" data-element_type=\"container\" data-settings=\"{&quot;content_width&quot;:&quot;full&quot;,&quot;background_background&quot;:&quot;classic&quot;}\" data-core-v316-plus=\"true\">\n\t\t\t\t<\/div>\n\t\t<div class=\"elementor-element elementor-element-8d0515c e-con-full e-flex e-con e-parent\" data-id=\"8d0515c\" data-element_type=\"container\" data-settings=\"{&quot;content_width&quot;:&quot;full&quot;,&quot;background_background&quot;:&quot;classic&quot;}\" data-core-v316-plus=\"true\">\n\t\t<div class=\"elementor-element elementor-element-5298001 e-con-full e-flex e-con e-child\" data-id=\"5298001\" data-element_type=\"container\" data-settings=\"{&quot;content_width&quot;:&quot;full&quot;,&quot;background_background&quot;:&quot;classic&quot;}\">\n\t\t\t\t<div class=\"elementor-element elementor-element-129ca72 elementor-widget elementor-widget-heading\" data-id=\"129ca72\" data-element_type=\"widget\" data-widget_type=\"heading.default\">\n\t\t\t\t<div class=\"elementor-widget-container\">\n\t\t\t<style>\/*! elementor - v3.18.0 - 20-12-2023 *\/\n.elementor-heading-title{padding:0;margin:0;line-height:1}.elementor-widget-heading .elementor-heading-title[class*=elementor-size-]>a{color:inherit;font-size:inherit;line-height:inherit}.elementor-widget-heading .elementor-heading-title.elementor-size-small{font-size:15px}.elementor-widget-heading .elementor-heading-title.elementor-size-medium{font-size:19px}.elementor-widget-heading .elementor-heading-title.elementor-size-large{font-size:29px}.elementor-widget-heading .elementor-heading-title.elementor-size-xl{font-size:39px}.elementor-widget-heading .elementor-heading-title.elementor-size-xxl{font-size:59px}<\/style><h1 class=\"elementor-heading-title elementor-size-default\">METODOLOGIA: Respeto y Empat\u00eda \n<\/h1>\t\t<\/div>\n\t\t\t\t<\/div>\n\t\t\t\t<div class=\"elementor-element elementor-element-a760f76 elementor-widget__width-initial elementor-widget elementor-widget-text-editor\" data-id=\"a760f76\" data-element_type=\"widget\" data-widget_type=\"text-editor.default\">\n\t\t\t\t<div class=\"elementor-widget-container\">\n\t\t\t<style>\/*! elementor - v3.18.0 - 20-12-2023 *\/\n.elementor-widget-text-editor.elementor-drop-cap-view-stacked .elementor-drop-cap{background-color:#69727d;color:#fff}.elementor-widget-text-editor.elementor-drop-cap-view-framed .elementor-drop-cap{color:#69727d;border:3px solid;background-color:transparent}.elementor-widget-text-editor:not(.elementor-drop-cap-view-default) .elementor-drop-cap{margin-top:8px}.elementor-widget-text-editor:not(.elementor-drop-cap-view-default) .elementor-drop-cap-letter{width:1em;height:1em}.elementor-widget-text-editor .elementor-drop-cap{float:left;text-align:center;line-height:1;font-size:50px}.elementor-widget-text-editor .elementor-drop-cap-letter{display:inline-block}<\/style>\t\t\t\t<p class=\"p1\">Es la base sobre la que se sustenta la metodolog\u00eda aplicada al entrenamiento de cada caballo. El respeto y la empat\u00eda por el individuo es algo que consideramos sumamente importante para poder potenciar y sacar el m\u00e1ximo rendimiento de<span class=\"Apple-converted-space\">\u00a0<\/span>sus capacidades f\u00edsicas.<\/p>\t\t\t\t\t\t<\/div>\n\t\t\t\t<\/div>\n\t\t\t\t<\/div>\n\t\t\t\t<\/div>\n\t\t<div class=\"elementor-element elementor-element-c8fefd7 e-flex e-con-boxed e-con e-parent\" data-id=\"c8fefd7\" data-element_type=\"container\" data-settings=\"{&quot;content_width&quot;:&quot;boxed&quot;}\" data-core-v316-plus=\"true\">\n\t\t\t\t\t<div class=\"e-con-inner\">\n\t\t<div class=\"elementor-element elementor-element-17c771f e-con-full e-flex e-con e-child\" data-id=\"17c771f\" data-element_type=\"container\" data-settings=\"{&quot;content_width&quot;:&quot;full&quot;,&quot;background_background&quot;:&quot;classic&quot;}\">\n\t\t\t\t<div class=\"elementor-element elementor-element-50e9a21 elementor-widget__width-initial elementor-widget elementor-widget-halstein_core_section_title\" data-id=\"50e9a21\" data-element_type=\"widget\" data-widget_type=\"halstein_core_section_title.default\">\n\t\t\t\t<div class=\"elementor-widget-container\">\n\t\t\t<div class=\"qodef-shortcode qodef-m  qodef-section-title qodef-alignment--left  \">\n\t\t<h6 class=\"qodef-m-tagline\" style=\"margin-bottom: 13px\">\n\t\tMETODOLGIA\t<\/h6>\n\t\t<h2 class=\"qodef-m-title\" >\n\t\t\t\t\tRespeto y Empat\u00eda \t\t\t<\/h2>\n\t\t\t<\/div>\n\t\t<\/div>\n\t\t\t\t<\/div>\n\t\t<div class=\"elementor-element elementor-element-7b3e007 e-con-full e-flex e-con e-child\" data-id=\"7b3e007\" data-element_type=\"container\" data-settings=\"{&quot;content_width&quot;:&quot;full&quot;,&quot;background_background&quot;:&quot;classic&quot;}\">\n\t\t<div class=\"elementor-element elementor-element-1026ea7 e-con-full e-flex e-con e-child\" data-id=\"1026ea7\" data-element_type=\"container\" data-settings=\"{&quot;content_width&quot;:&quot;full&quot;,&quot;background_background&quot;:&quot;classic&quot;}\">\n\t\t\t\t<div class=\"elementor-element elementor-element-0979534 elementor-widget elementor-widget-text-editor\" data-id=\"0979534\" data-element_type=\"widget\" data-widget_type=\"text-editor.default\">\n\t\t\t\t<div class=\"elementor-widget-container\">\n\t\t\t\t\t\t\t<p class=\"p2\">Tener en cuenta al individuo dentro de su propio entrenamiento, le da las capacidades para comunicar hasta donde est\u00e1 preparado para realizar una actividad, y si su condici\u00f3n f\u00edsica se lo est\u00e1 permitiendo. D\u00e1ndonos la informaci\u00f3n necesaria para prevenir lesiones y mejorar su estado f\u00edsico.<\/p><p class=\"p2\">Somo fieles defensores de un correcto y met\u00f3dico trabajo de la biomec\u00e1nica del caballo, el cual pueda ser capaz de autosostener su cuerpo sin perder calidad en sus movimientos.<\/p><p class=\"p2\">La relajaci\u00f3n mental y muscular implementan un entrenamiento basado en la mejora del equilibrio, la suspensi\u00f3n, la elasticidad y la armon\u00eda de los movimientos.<\/p><p class=\"p2\">La innovaci\u00f3n y la b\u00fasqueda de nuevas l\u00ednea de entrenamiento nos caracterizan. La etolog\u00eda y la comprensi\u00f3n de la biomec\u00e1nica, son puntos que tenemos muy presentes y que deben de ir de la mano.\u00a0<\/p><p class=\"p2\">Que nuestros caballos sean compa\u00f1eros les hace nobles, especiales y \u00fanicos. Ya que tenemos una relaci\u00f3n basada en la confianza.<\/p>\t\t\t\t\t\t<\/div>\n\t\t\t\t<\/div>\n\t\t\t\t<\/div>\n\t\t<div class=\"elementor-element elementor-element-b94a695 e-con-full e-flex e-con e-child\" data-id=\"b94a695\" data-element_type=\"container\" data-settings=\"{&quot;content_width&quot;:&quot;full&quot;}\">\n\t\t\t\t<div class=\"elementor-element elementor-element-e95819d elementor-widget elementor-widget-image\" data-id=\"e95819d\" data-element_type=\"widget\" data-widget_type=\"image.default\">\n\t\t\t\t<div class=\"elementor-widget-container\">\n\t\t\t<style>\/*! elementor - v3.18.0 - 20-12-2023 *\/\n.elementor-widget-image{text-align:center}.elementor-widget-image a{display:inline-block}.elementor-widget-image a img[src$=\".svg\"]{width:48px}.elementor-widget-image img{vertical-align:middle;display:inline-block}<\/style>\t\t\t\t\t\t\t\t\t\t\t\t<img fetchpriority=\"high\" decoding=\"async\" width=\"1024\" height=\"743\" src=\"https:\/\/yeguadaportillagarcia.com\/wp-content\/uploads\/2024\/02\/america_2-1024x743.jpg\" class=\"attachment-large size-large wp-image-11692\" alt=\"\" srcset=\"https:\/\/yeguadaportillagarcia.com\/wp-content\/uploads\/2024\/02\/america_2-1024x743.jpg 1024w, https:\/\/yeguadaportillagarcia.com\/wp-content\/uploads\/2024\/02\/america_2-300x218.jpg 300w, https:\/\/yeguadaportillagarcia.com\/wp-content\/uploads\/2024\/02\/america_2-768x557.jpg 768w, https:\/\/yeguadaportillagarcia.com\/wp-content\/uploads\/2024\/02\/america_2.jpg 1240w\" sizes=\"(max-width: 1024px) 100vw, 1024px\" \/>\t\t\t\t\t\t\t\t\t\t\t\t\t\t\t<\/div>\n\t\t\t\t<\/div>\n\t\t\t\t<div class=\"elementor-element elementor-element-d553a1e elementor-widget elementor-widget-image\" data-id=\"d553a1e\" data-element_type=\"widget\" data-widget_type=\"image.default\">\n\t\t\t\t<div class=\"elementor-widget-container\">\n\t\t\t\t\t\t\t\t\t\t\t\t\t\t\t<img decoding=\"async\" width=\"1024\" height=\"743\" src=\"https:\/\/yeguadaportillagarcia.com\/wp-content\/uploads\/2024\/02\/rev_slider_3-1024x743.jpg\" class=\"attachment-large size-large wp-image-11112\" alt=\"\" srcset=\"https:\/\/yeguadaportillagarcia.com\/wp-content\/uploads\/2024\/02\/rev_slider_3-1024x743.jpg 1024w, https:\/\/yeguadaportillagarcia.com\/wp-content\/uploads\/2024\/02\/rev_slider_3-300x218.jpg 300w, https:\/\/yeguadaportillagarcia.com\/wp-content\/uploads\/2024\/02\/rev_slider_3-768x557.jpg 768w, https:\/\/yeguadaportillagarcia.com\/wp-content\/uploads\/2024\/02\/rev_slider_3.jpg 1240w\" sizes=\"(max-width: 1024px) 100vw, 1024px\" \/>\t\t\t\t\t\t\t\t\t\t\t\t\t\t\t<\/div>\n\t\t\t\t<\/div>\n\t\t\t\t<\/div>\n\t\t\t\t<\/div>\n\t\t\t\t<\/div>\n\t\t\t\t\t<\/div>\n\t\t\t\t<\/div>\n\t\t<div class=\"elementor-element elementor-element-2f18971 e-flex e-con-boxed e-con e-parent\" data-id=\"2f18971\" data-element_type=\"container\" data-settings=\"{&quot;content_width&quot;:&quot;boxed&quot;}\" data-core-v316-plus=\"true\">\n\t\t\t\t\t<div class=\"e-con-inner\">\n\t\t\t\t<div class=\"elementor-element elementor-element-c7da630 elementor-widget elementor-widget-spacer\" data-id=\"c7da630\" data-element_type=\"widget\" data-widget_type=\"spacer.default\">\n\t\t\t\t<div class=\"elementor-widget-container\">\n\t\t\t<style>\/*! elementor - v3.18.0 - 20-12-2023 *\/\n.elementor-column .elementor-spacer-inner{height:var(--spacer-size)}.e-con{--container-widget-width:100%}.e-con-inner>.elementor-widget-spacer,.e-con>.elementor-widget-spacer{width:var(--container-widget-width,var(--spacer-size));--align-self:var(--container-widget-align-self,initial);--flex-shrink:0}.e-con-inner>.elementor-widget-spacer>.elementor-widget-container,.e-con>.elementor-widget-spacer>.elementor-widget-container{height:100%;width:100%}.e-con-inner>.elementor-widget-spacer>.elementor-widget-container>.elementor-spacer,.e-con>.elementor-widget-spacer>.elementor-widget-container>.elementor-spacer{height:100%}.e-con-inner>.elementor-widget-spacer>.elementor-widget-container>.elementor-spacer>.elementor-spacer-inner,.e-con>.elementor-widget-spacer>.elementor-widget-container>.elementor-spacer>.elementor-spacer-inner{height:var(--container-widget-height,var(--spacer-size))}.e-con-inner>.elementor-widget-spacer.elementor-widget-empty,.e-con>.elementor-widget-spacer.elementor-widget-empty{position:relative;min-height:22px;min-width:22px}.e-con-inner>.elementor-widget-spacer.elementor-widget-empty .elementor-widget-empty-icon,.e-con>.elementor-widget-spacer.elementor-widget-empty .elementor-widget-empty-icon{position:absolute;top:0;bottom:0;left:0;right:0;margin:auto;padding:0;width:22px;height:22px}<\/style>\t\t<div class=\"elementor-spacer\">\n\t\t\t<div class=\"elementor-spacer-inner\"><\/div>\n\t\t<\/div>\n\t\t\t\t<\/div>\n\t\t\t\t<\/div>\n\t\t\t\t\t<\/div>\n\t\t\t\t<\/div>\n\t\t<div class=\"elementor-element elementor-element-63fa82d e-flex e-con-boxed e-con e-parent\" data-id=\"63fa82d\" data-element_type=\"container\" data-settings=\"{&quot;background_background&quot;:&quot;classic&quot;,&quot;content_width&quot;:&quot;boxed&quot;}\" data-core-v316-plus=\"true\">\n\t\t\t\t\t<div class=\"e-con-inner\">\n\t\t<div class=\"elementor-element elementor-element-2d1f1b5 e-con-full e-flex e-con e-child\" data-id=\"2d1f1b5\" data-element_type=\"container\" data-settings=\"{&quot;content_width&quot;:&quot;full&quot;}\">\n\t\t\t\t<div class=\"elementor-element elementor-element-2fa924b elementor-widget elementor-widget-image\" data-id=\"2fa924b\" data-element_type=\"widget\" data-widget_type=\"image.default\">\n\t\t\t\t<div class=\"elementor-widget-container\">\n\t\t\t\t\t\t\t\t\t\t\t\t\t\t\t<img decoding=\"async\" width=\"768\" height=\"1024\" src=\"https:\/\/yeguadaportillagarcia.com\/wp-content\/uploads\/2024\/02\/ginete-2-768x1024.jpg\" class=\"attachment-large size-large wp-image-11314\" alt=\"\" srcset=\"https:\/\/yeguadaportillagarcia.com\/wp-content\/uploads\/2024\/02\/ginete-2-768x1024.jpg 768w, https:\/\/yeguadaportillagarcia.com\/wp-content\/uploads\/2024\/02\/ginete-2-225x300.jpg 225w, https:\/\/yeguadaportillagarcia.com\/wp-content\/uploads\/2024\/02\/ginete-2.jpg 800w\" sizes=\"(max-width: 768px) 100vw, 768px\" \/>\t\t\t\t\t\t\t\t\t\t\t\t\t\t\t<\/div>\n\t\t\t\t<\/div>\n\t\t\t\t<\/div>\n\t\t<div class=\"elementor-element elementor-element-f8fb396 e-con-full e-flex e-con e-child\" data-id=\"f8fb396\" data-element_type=\"container\" data-settings=\"{&quot;content_width&quot;:&quot;full&quot;}\">\n\t\t\t\t<div class=\"elementor-element elementor-element-7444e67 elementor-widget elementor-widget-heading\" data-id=\"7444e67\" data-element_type=\"widget\" data-widget_type=\"heading.default\">\n\t\t\t\t<div class=\"elementor-widget-container\">\n\t\t\t<h2 class=\"elementor-heading-title elementor-size-default\">NUESTRA JINETE<\/h2>\t\t<\/div>\n\t\t\t\t<\/div>\n\t\t\t\t<div class=\"elementor-element elementor-element-585bf6e elementor-widget-divider--view-line elementor-widget elementor-widget-divider\" data-id=\"585bf6e\" data-element_type=\"widget\" data-widget_type=\"divider.default\">\n\t\t\t\t<div class=\"elementor-widget-container\">\n\t\t\t<style>\/*! elementor - v3.18.0 - 20-12-2023 *\/\n.elementor-widget-divider{--divider-border-style:none;--divider-border-width:1px;--divider-color:#0c0d0e;--divider-icon-size:20px;--divider-element-spacing:10px;--divider-pattern-height:24px;--divider-pattern-size:20px;--divider-pattern-url:none;--divider-pattern-repeat:repeat-x}.elementor-widget-divider .elementor-divider{display:flex}.elementor-widget-divider .elementor-divider__text{font-size:15px;line-height:1;max-width:95%}.elementor-widget-divider .elementor-divider__element{margin:0 var(--divider-element-spacing);flex-shrink:0}.elementor-widget-divider .elementor-icon{font-size:var(--divider-icon-size)}.elementor-widget-divider .elementor-divider-separator{display:flex;margin:0;direction:ltr}.elementor-widget-divider--view-line_icon .elementor-divider-separator,.elementor-widget-divider--view-line_text .elementor-divider-separator{align-items:center}.elementor-widget-divider--view-line_icon .elementor-divider-separator:after,.elementor-widget-divider--view-line_icon .elementor-divider-separator:before,.elementor-widget-divider--view-line_text .elementor-divider-separator:after,.elementor-widget-divider--view-line_text .elementor-divider-separator:before{display:block;content:\"\";border-bottom:0;flex-grow:1;border-top:var(--divider-border-width) var(--divider-border-style) var(--divider-color)}.elementor-widget-divider--element-align-left .elementor-divider .elementor-divider-separator>.elementor-divider__svg:first-of-type{flex-grow:0;flex-shrink:100}.elementor-widget-divider--element-align-left .elementor-divider-separator:before{content:none}.elementor-widget-divider--element-align-left .elementor-divider__element{margin-left:0}.elementor-widget-divider--element-align-right .elementor-divider .elementor-divider-separator>.elementor-divider__svg:last-of-type{flex-grow:0;flex-shrink:100}.elementor-widget-divider--element-align-right .elementor-divider-separator:after{content:none}.elementor-widget-divider--element-align-right .elementor-divider__element{margin-right:0}.elementor-widget-divider:not(.elementor-widget-divider--view-line_text):not(.elementor-widget-divider--view-line_icon) .elementor-divider-separator{border-top:var(--divider-border-width) var(--divider-border-style) var(--divider-color)}.elementor-widget-divider--separator-type-pattern{--divider-border-style:none}.elementor-widget-divider--separator-type-pattern.elementor-widget-divider--view-line .elementor-divider-separator,.elementor-widget-divider--separator-type-pattern:not(.elementor-widget-divider--view-line) .elementor-divider-separator:after,.elementor-widget-divider--separator-type-pattern:not(.elementor-widget-divider--view-line) .elementor-divider-separator:before,.elementor-widget-divider--separator-type-pattern:not([class*=elementor-widget-divider--view]) .elementor-divider-separator{width:100%;min-height:var(--divider-pattern-height);-webkit-mask-size:var(--divider-pattern-size) 100%;mask-size:var(--divider-pattern-size) 100%;-webkit-mask-repeat:var(--divider-pattern-repeat);mask-repeat:var(--divider-pattern-repeat);background-color:var(--divider-color);-webkit-mask-image:var(--divider-pattern-url);mask-image:var(--divider-pattern-url)}.elementor-widget-divider--no-spacing{--divider-pattern-size:auto}.elementor-widget-divider--bg-round{--divider-pattern-repeat:round}.rtl .elementor-widget-divider .elementor-divider__text{direction:rtl}.e-con-inner>.elementor-widget-divider,.e-con>.elementor-widget-divider{width:var(--container-widget-width,100%);--flex-grow:var(--container-widget-flex-grow)}<\/style>\t\t<div class=\"elementor-divider\">\n\t\t\t<span class=\"elementor-divider-separator\">\n\t\t\t\t\t\t<\/span>\n\t\t<\/div>\n\t\t\t\t<\/div>\n\t\t\t\t<\/div>\n\t\t\t\t<div class=\"elementor-element elementor-element-4fd0898 elementor-widget elementor-widget-heading\" data-id=\"4fd0898\" data-element_type=\"widget\" data-widget_type=\"heading.default\">\n\t\t\t\t<div class=\"elementor-widget-container\">\n\t\t\t<h2 class=\"elementor-heading-title elementor-size-default\">America<\/h2>\t\t<\/div>\n\t\t\t\t<\/div>\n\t\t\t\t<div class=\"elementor-element elementor-element-206e27a elementor-widget__width-initial elementor-widget elementor-widget-text-editor\" data-id=\"206e27a\" data-element_type=\"widget\" data-widget_type=\"text-editor.default\">\n\t\t\t\t<div class=\"elementor-widget-container\">\n\t\t\t\t\t\t\t<p>&#8220;Como jinete y instructor, mi compromiso es brindar una experiencia completa a nuestros clientes. Cuido de los caballos con devoci\u00f3n, asegurando que reciban el mejor cuidado posible. Adem\u00e1s, ofrezco clases profesionales, adaptadas a las necesidades individuales de los jinetes, creando as\u00ed un ambiente donde la pasi\u00f3n por la equitaci\u00f3n y el progreso se fusionan en cada lecci\u00f3n.&#8221;<\/p>\t\t\t\t\t\t<\/div>\n\t\t\t\t<\/div>\n\t\t\t\t<\/div>\n\t\t\t\t\t<\/div>\n\t\t\t\t<\/div>\n\t\t\t\t\t\t\t<\/div>\n\t\t","protected":false},"excerpt":{"rendered":"<p>METODOLOGIA: Respeto y Empat\u00eda Es la base sobre la que se sustenta la metodolog\u00eda aplicada al entrenamiento de cada caballo. El respeto y la empat\u00eda por el individuo es algo que consideramos sumamente importante para poder potenciar y sacar el m\u00e1ximo rendimiento de\u00a0sus capacidades f\u00edsicas. METODOLGIA Respeto y Empat\u00eda Tener en cuenta al individuo dentro [&hellip;]<\/p>\n","protected":false},"author":2,"featured_media":0,"parent":0,"menu_order":0,"comment_status":"closed","ping_status":"closed","template":"page-full-width.php","meta":{"footnotes":""},"class_list":["post-11126","page","type-page","status-publish","hentry"],"_links":{"self":[{"href":"https:\/\/yeguadaportillagarcia.com\/index.php\/wp-json\/wp\/v2\/pages\/11126","targetHints":{"allow":["GET"]}}],"collection":[{"href":"https:\/\/yeguadaportillagarcia.com\/index.php\/wp-json\/wp\/v2\/pages"}],"about":[{"href":"https:\/\/yeguadaportillagarcia.com\/index.php\/wp-json\/wp\/v2\/types\/page"}],"author":[{"embeddable":true,"href":"https:\/\/yeguadaportillagarcia.com\/index.php\/wp-json\/wp\/v2\/users\/2"}],"replies":[{"embeddable":true,"href":"https:\/\/yeguadaportillagarcia.com\/index.php\/wp-json\/wp\/v2\/comments?post=11126"}],"version-history":[{"count":98,"href":"https:\/\/yeguadaportillagarcia.com\/index.php\/wp-json\/wp\/v2\/pages\/11126\/revisions"}],"predecessor-version":[{"id":12521,"href":"https:\/\/yeguadaportillagarcia.com\/index.php\/wp-json\/wp\/v2\/pages\/11126\/revisions\/12521"}],"wp:attachment":[{"href":"https:\/\/yeguadaportillagarcia.com\/index.php\/wp-json\/wp\/v2\/media?parent=11126"}],"curies":[{"name":"wp","href":"https:\/\/api.w.org\/{rel}","templated":true}]}}